{"id":25,"date":"2024-09-08T03:49:16","date_gmt":"2024-09-08T03:49:16","guid":{"rendered":"https:\/\/rubyscleaningservices.com\/?page_id=25"},"modified":"2024-09-19T00:05:24","modified_gmt":"2024-09-19T00:05:24","slug":"about-us","status":"publish","type":"page","link":"https:\/\/rubyscleaningservices.com\/es\/about-us\/","title":{"rendered":"ACERCA DE NOSOTROS"},"content":{"rendered":"<div data-elementor-type=\"wp-page\" data-elementor-id=\"25\" class=\"elementor elementor-25\" data-elementor-post-type=\"page\">\n\t\t\t\t\t\t<section class=\"elementor-section elementor-top-section elementor-element elementor-element-79e0f882 elementor-section-boxed elementor-section-height-default elementor-section-height-default\" data-id=\"79e0f882\" data-element_type=\"section\" data-e-type=\"section\" data-settings=\"{&quot;background_background&quot;:&quot;classic&quot;}\">\n\t\t\t\t\t\t\t<div class=\"elementor-background-overlay\"><\/div>\n\t\t\t\t\t\t\t<div class=\"elementor-container elementor-column-gap-default\">\n\t\t\t\t\t<div class=\"elementor-column elementor-col-100 elementor-top-column elementor-element elementor-element-46ad7f2e\" data-id=\"46ad7f2e\" data-element_type=\"column\" data-e-type=\"column\">\n\t\t\t<div class=\"elementor-widget-wrap elementor-element-populated\">\n\t\t\t\t\t\t<div class=\"elementor-element elementor-element-44f69939 elementor-invisible elementor-widget elementor-widget-heading\" data-id=\"44f69939\" data-element_type=\"widget\" data-e-type=\"widget\" data-settings=\"{&quot;_animation&quot;:&quot;fadeInLeft&quot;}\" data-widget_type=\"heading.default\">\n\t\t\t\t<div class=\"elementor-widget-container\">\n\t\t\t\t\t<h1 class=\"elementor-heading-title elementor-size-default\">ACERCA DE NOSOTROS<\/h1>\t\t\t\t<\/div>\n\t\t\t\t<\/div>\n\t\t\t\t<div class=\"elementor-element elementor-element-742dc9c1 elementor-invisible elementor-widget elementor-widget-heading\" data-id=\"742dc9c1\" data-element_type=\"widget\" data-e-type=\"widget\" data-settings=\"{&quot;_animation&quot;:&quot;fadeInLeft&quot;,&quot;_animation_delay&quot;:240}\" data-widget_type=\"heading.default\">\n\t\t\t\t<div class=\"elementor-widget-container\">\n\t\t\t\t\t<h4 class=\"elementor-heading-title elementor-size-default\">Cualquier trabajo es poco para nosotros.\n<\/h4>\t\t\t\t<\/div>\n\t\t\t\t<\/div>\n\t\t\t\t\t<\/div>\n\t\t<\/div>\n\t\t\t\t\t<\/div>\n\t\t<\/section>\n\t\t\t\t<section class=\"elementor-section elementor-top-section elementor-element elementor-element-5bff943a elementor-section-boxed elementor-section-height-default elementor-section-height-default\" data-id=\"5bff943a\" data-element_type=\"section\" data-e-type=\"section\">\n\t\t\t\t\t\t<div class=\"elementor-container elementor-column-gap-default\">\n\t\t\t\t\t<div class=\"elementor-column elementor-col-50 elementor-top-column elementor-element elementor-element-6123f06b\" data-id=\"6123f06b\" data-element_type=\"column\" data-e-type=\"column\">\n\t\t\t<div class=\"elementor-widget-wrap elementor-element-populated\">\n\t\t\t\t\t\t<div class=\"elementor-element elementor-element-e1a9154 elementor-invisible elementor-widget elementor-widget-image\" data-id=\"e1a9154\" data-element_type=\"widget\" data-e-type=\"widget\" data-settings=\"{&quot;_animation&quot;:&quot;fadeInLeft&quot;}\" data-widget_type=\"image.default\">\n\t\t\t\t<div class=\"elementor-widget-container\">\n\t\t\t\t\t\t\t\t\t\t\t\t\t\t\t<img fetchpriority=\"high\" decoding=\"async\" width=\"1232\" height=\"912\" src=\"https:\/\/rubyscleaningservices.com\/wp-content\/uploads\/2024\/09\/deck.jpg\" class=\"attachment-full size-full wp-image-144\" alt=\"\" srcset=\"https:\/\/rubyscleaningservices.com\/wp-content\/uploads\/2024\/09\/deck.jpg 1232w, https:\/\/rubyscleaningservices.com\/wp-content\/uploads\/2024\/09\/deck-300x222.jpg 300w, https:\/\/rubyscleaningservices.com\/wp-content\/uploads\/2024\/09\/deck-1024x758.jpg 1024w, https:\/\/rubyscleaningservices.com\/wp-content\/uploads\/2024\/09\/deck-768x569.jpg 768w, https:\/\/rubyscleaningservices.com\/wp-content\/uploads\/2024\/09\/deck-16x12.jpg 16w\" sizes=\"(max-width: 1232px) 100vw, 1232px\" \/>\t\t\t\t\t\t\t\t\t\t\t\t\t\t\t<\/div>\n\t\t\t\t<\/div>\n\t\t\t\t<div class=\"elementor-element elementor-element-49cadedb elementor-widget__width-auto elementor-absolute elementor-invisible elementor-widget elementor-widget-counter\" data-id=\"49cadedb\" data-element_type=\"widget\" data-e-type=\"widget\" data-settings=\"{&quot;_animation&quot;:&quot;bounceInDown&quot;,&quot;_position&quot;:&quot;absolute&quot;}\" data-widget_type=\"counter.default\">\n\t\t\t\t<div class=\"elementor-widget-container\">\n\t\t\t\t\t\t\t<div class=\"elementor-counter\">\n\t\t\t<div class=\"elementor-counter-title\">A\u00f1os De Experiencia<\/div>\t\t\t<div class=\"elementor-counter-number-wrapper\">\n\t\t\t\t<span class=\"elementor-counter-number-prefix\"><\/span>\n\t\t\t\t<span class=\"elementor-counter-number\" data-duration=\"2000\" data-to-value=\"16\" data-from-value=\"0\" data-delimiter=\",\">0<\/span>\n\t\t\t\t<span class=\"elementor-counter-number-suffix\">+<\/span>\n\t\t\t<\/div>\n\t\t<\/div>\n\t\t\t\t\t\t<\/div>\n\t\t\t\t<\/div>\n\t\t\t\t\t<\/div>\n\t\t<\/div>\n\t\t\t\t<div class=\"elementor-column elementor-col-50 elementor-top-column elementor-element elementor-element-17cbac72 elementor-invisible\" data-id=\"17cbac72\" data-element_type=\"column\" data-e-type=\"column\" data-settings=\"{&quot;animation&quot;:&quot;fadeInRight&quot;}\">\n\t\t\t<div class=\"elementor-widget-wrap elementor-element-populated\">\n\t\t\t\t\t\t<div class=\"elementor-element elementor-element-67aaf61d elementor-widget elementor-widget-heading\" data-id=\"67aaf61d\" data-element_type=\"widget\" data-e-type=\"widget\" data-widget_type=\"heading.default\">\n\t\t\t\t<div class=\"elementor-widget-container\">\n\t\t\t\t\t<h6 class=\"elementor-heading-title elementor-size-default\">Acerca de la compa\u00f1ia<\/h6>\t\t\t\t<\/div>\n\t\t\t\t<\/div>\n\t\t\t\t<div class=\"elementor-element elementor-element-5a66cbaa elementor-widget elementor-widget-heading\" data-id=\"5a66cbaa\" data-element_type=\"widget\" data-e-type=\"widget\" data-widget_type=\"heading.default\">\n\t\t\t\t<div class=\"elementor-widget-container\">\n\t\t\t\t\t<h2 class=\"elementor-heading-title elementor-size-default\">Ruby's Cleaning, Painting &amp; more services.\n<\/h2>\t\t\t\t<\/div>\n\t\t\t\t<\/div>\n\t\t\t\t<div class=\"elementor-element elementor-element-5d50dd95 elementor-widget elementor-widget-text-editor\" data-id=\"5d50dd95\" data-element_type=\"widget\" data-e-type=\"widget\" data-widget_type=\"text-editor.default\">\n\t\t\t\t<div class=\"elementor-widget-container\">\n\t\t\t\t\t\t\t\t\t<p>Ruby's Cleaning, Painting and more services nace del esfuerzo de la se\u00f1ora Rub\u00ed, quien es su propietaria, ella es una mujer emprendedora que vino de M\u00e9xico hace muchos a\u00f1os dispuesta a luchar por un futuro mejor para sus hijos, d\u00e1ndole prioridad siempre a sus clientes ofreciendo todo tipo de servicios de limpieza, remodelaci\u00f3n, paisajismo y mucho m\u00e1s.<\/p><p><br \/>Estamos agradecidos por la oportunidad que nos han dado nuestros clientes al permitirle entrar a sus hogares, adem\u00e1s de estar orgullosa de trabajar con equipo de t\u00e9cnico honesto, vers\u00e1til y profesional, dispuesto a escuchar sugerencias para mejorar los servicios.<\/p><p><br \/>Servimos a todo Austin, Texas y sus alrededores, trabajando consiente con su bolsillo, vamos a su residencia o negocio y le hacemos un presupuesto gratis.<\/p>\t\t\t\t\t\t\t\t<\/div>\n\t\t\t\t<\/div>\n\t\t\t\t\t<\/div>\n\t\t<\/div>\n\t\t\t\t\t<\/div>\n\t\t<\/section>\n\t\t\t\t<section class=\"elementor-section elementor-top-section elementor-element elementor-element-3b085cb elementor-section-boxed elementor-section-height-default elementor-section-height-default\" data-id=\"3b085cb\" data-element_type=\"section\" data-e-type=\"section\" data-settings=\"{&quot;background_background&quot;:&quot;classic&quot;}\">\n\t\t\t\t\t\t\t<div class=\"elementor-background-overlay\"><\/div>\n\t\t\t\t\t\t\t<div class=\"elementor-container elementor-column-gap-default\">\n\t\t\t\t\t<div class=\"elementor-column elementor-col-50 elementor-top-column elementor-element elementor-element-110e455c elementor-invisible\" data-id=\"110e455c\" data-element_type=\"column\" data-e-type=\"column\" data-settings=\"{&quot;animation&quot;:&quot;bounceInLeft&quot;}\">\n\t\t\t<div class=\"elementor-widget-wrap elementor-element-populated\">\n\t\t\t\t\t\t<div class=\"elementor-element elementor-element-23e4b160 elementor-widget elementor-widget-heading\" data-id=\"23e4b160\" data-element_type=\"widget\" data-e-type=\"widget\" data-widget_type=\"heading.default\">\n\t\t\t\t<div class=\"elementor-widget-container\">\n\t\t\t\t\t<h2 class=\"elementor-heading-title elementor-size-default\">MISI\u00d3N\n<\/h2>\t\t\t\t<\/div>\n\t\t\t\t<\/div>\n\t\t\t\t<div class=\"elementor-element elementor-element-3956e489 elementor-widget elementor-widget-text-editor\" data-id=\"3956e489\" data-element_type=\"widget\" data-e-type=\"widget\" data-widget_type=\"text-editor.default\">\n\t\t\t\t<div class=\"elementor-widget-container\">\n\t\t\t\t\t\t\t\t\t<p>Para preservar la limpieza, el orden, la desinfecci\u00f3n, la pintura, la poda de \u00e1rboles y muchos m\u00e1s servicios en los sitios de nuestros clientes, por medio de un equipo especializado en el servicio con puntualidad, responsabilidad y pulcritud.<\/p>\t\t\t\t\t\t\t\t<\/div>\n\t\t\t\t<\/div>\n\t\t\t\t<div class=\"elementor-element elementor-element-81bbedd elementor-widget elementor-widget-heading\" data-id=\"81bbedd\" data-element_type=\"widget\" data-e-type=\"widget\" data-widget_type=\"heading.default\">\n\t\t\t\t<div class=\"elementor-widget-container\">\n\t\t\t\t\t<h2 class=\"elementor-heading-title elementor-size-default\">Los VALORES de\n<\/h2>\t\t\t\t<\/div>\n\t\t\t\t<\/div>\n\t\t\t\t<div class=\"elementor-element elementor-element-4ce05ae elementor-widget elementor-widget-text-editor\" data-id=\"4ce05ae\" data-element_type=\"widget\" data-e-type=\"widget\" data-widget_type=\"text-editor.default\">\n\t\t\t\t<div class=\"elementor-widget-container\">\n\t\t\t\t\t\t\t\t\t<p>La Responsabilidad, La Puntualidad, La Pulcritud, El Trabajo En Equipo.<\/p>\t\t\t\t\t\t\t\t<\/div>\n\t\t\t\t<\/div>\n\t\t\t\t\t<\/div>\n\t\t<\/div>\n\t\t\t\t<div class=\"elementor-column elementor-col-50 elementor-top-column elementor-element elementor-element-6b015a72 elementor-hidden-mobile\" data-id=\"6b015a72\" data-element_type=\"column\" data-e-type=\"column\">\n\t\t\t<div class=\"elementor-widget-wrap\">\n\t\t\t\t\t\t\t<\/div>\n\t\t<\/div>\n\t\t\t\t\t<\/div>\n\t\t<\/section>\n\t\t\t\t<section class=\"elementor-section elementor-top-section elementor-element elementor-element-15dd4f9a elementor-section-boxed elementor-section-height-default elementor-section-height-default\" data-id=\"15dd4f9a\" data-element_type=\"section\" data-e-type=\"section\">\n\t\t\t\t\t\t\t<div class=\"elementor-background-overlay\"><\/div>\n\t\t\t\t\t\t\t<div class=\"elementor-container elementor-column-gap-default\">\n\t\t\t\t\t<div class=\"elementor-column elementor-col-100 elementor-top-column elementor-element elementor-element-46ccbdd8\" data-id=\"46ccbdd8\" data-element_type=\"column\" data-e-type=\"column\">\n\t\t\t<div class=\"elementor-widget-wrap elementor-element-populated\">\n\t\t\t\t\t\t<div class=\"elementor-element elementor-element-f851f50 elementor-widget elementor-widget-heading\" data-id=\"f851f50\" data-element_type=\"widget\" data-e-type=\"widget\" data-widget_type=\"heading.default\">\n\t\t\t\t<div class=\"elementor-widget-container\">\n\t\t\t\t\t<h2 class=\"elementor-heading-title elementor-size-default\">Limpieza, nitidez y cuidado al alcance de tu casa.\n<\/h2>\t\t\t\t<\/div>\n\t\t\t\t<\/div>\n\t\t\t\t<div class=\"elementor-element elementor-element-7a025e6 elementor-widget elementor-widget-text-editor\" data-id=\"7a025e6\" data-element_type=\"widget\" data-e-type=\"widget\" data-widget_type=\"text-editor.default\">\n\t\t\t\t<div class=\"elementor-widget-container\">\n\t\t\t\t\t\t\t\t\t<p>Ruby\u2019s Cleaning, Painting &amp; more services la compa\u00f1\u00eda que te ayudara a mantener n\u00edtida y reluciente tu casa, adentro y afuera, somos un equipo de t\u00e9cnicos especialistas en limpieza y acondicionamiento de residencias y comercios, estamos ubicados en Austin, TX, dando servicios a la comunidad desde hace m\u00e1s de 16 a\u00f1os, tenemos como principios la puntualidad, la responsabilidad y cumplimiento. Ofrecemos una gran variedad de servicios y hacemos programas personalizados seg\u00fan los intereses de nuestros clientes.<\/p>\t\t\t\t\t\t\t\t<\/div>\n\t\t\t\t<\/div>\n\t\t\t\t\t<\/div>\n\t\t<\/div>\n\t\t\t\t\t<\/div>\n\t\t<\/section>\n\t\t\t\t<\/div>","protected":false},"excerpt":{"rendered":"<p>Any job is not big for us. Years Experienced 0 + About Company Ruby&#8217;s Cleaning, Painting &#038; more services. Ruby&#8217;s Cleaning, Painting and more services was born from the effort of Mrs. Ruby, who is its owner, she is an enterprising woman who came from Mexico many years ago willing to fight for a better [&hellip;]<\/p>\n","protected":false},"author":1,"featured_media":0,"parent":0,"menu_order":0,"comment_status":"closed","ping_status":"closed","template":"elementor_header_footer","meta":{"footnotes":""},"class_list":["post-25","page","type-page","status-publish","hentry"],"_links":{"self":[{"href":"https:\/\/rubyscleaningservices.com\/es\/wp-json\/wp\/v2\/pages\/25","targetHints":{"allow":["GET"]}}],"collection":[{"href":"https:\/\/rubyscleaningservices.com\/es\/wp-json\/wp\/v2\/pages"}],"about":[{"href":"https:\/\/rubyscleaningservices.com\/es\/wp-json\/wp\/v2\/types\/page"}],"author":[{"embeddable":true,"href":"https:\/\/rubyscleaningservices.com\/es\/wp-json\/wp\/v2\/users\/1"}],"replies":[{"embeddable":true,"href":"https:\/\/rubyscleaningservices.com\/es\/wp-json\/wp\/v2\/comments?post=25"}],"version-history":[{"count":37,"href":"https:\/\/rubyscleaningservices.com\/es\/wp-json\/wp\/v2\/pages\/25\/revisions"}],"predecessor-version":[{"id":341,"href":"https:\/\/rubyscleaningservices.com\/es\/wp-json\/wp\/v2\/pages\/25\/revisions\/341"}],"wp:attachment":[{"href":"https:\/\/rubyscleaningservices.com\/es\/wp-json\/wp\/v2\/media?parent=25"}],"curies":[{"name":"wp","href":"https:\/\/api.w.org\/{rel}","templated":true}]}}